{"id":7046,"date":"2024-12-09T11:10:03","date_gmt":"2024-12-09T11:10:03","guid":{"rendered":"https:\/\/elevate.abdellahaarab.com\/?page_id=7046"},"modified":"2024-12-14T15:09:23","modified_gmt":"2024-12-14T15:09:23","slug":"our-approch","status":"publish","type":"page","link":"https:\/\/uelevate.net\/fr\/our-approch\/","title":{"rendered":"Notre Approche"},"content":{"rendered":"<div data-elementor-type=\"wp-page\" data-elementor-id=\"7046\" class=\"elementor elementor-7046\">\n\t\t\t\t\t\t<section class=\"elementor-section elementor-top-section elementor-element elementor-element-f5b4ff3 elementor-section-boxed elementor-section-height-default elementor-section-height-default\" data-id=\"f5b4ff3\" data-element_type=\"section\">\n\t\t\t\t\t\t<div class=\"elementor-container elementor-column-gap-no\">\n\t\t\t\t\t<div class=\"elementor-column elementor-col-100 elementor-top-column elementor-element elementor-element-dafd526\" data-id=\"dafd526\" data-element_type=\"column\">\n\t\t\t<div class=\"elementor-widget-wrap elementor-element-populated\">\n\t\t\t\t\t\t<div class=\"elementor-element elementor-element-11d8ac7 elementor-invisible elementor-widget elementor-widget-creote-title-v1\" data-id=\"11d8ac7\" data-element_type=\"widget\" data-settings=\"{&quot;_animation&quot;:&quot;fadeInUp&quot;}\" data-widget_type=\"creote-title-v1.default\">\n\t\t\t\t<div class=\"elementor-widget-container\">\n\t\t\t\t\t<div class=\"title_all_box style_one dark_color\">\r\n            <!-- Default title style -->\r\n        <div class=\"title_sections <div class=\"title_sections center\">\r\n                            <div class=\"before_title\">\r\n                    Notre Approche                <\/div>\r\n                                            <\/div>\r\n        <!-- End of default title style -->\r\n\r\n    <\/div>\r\n\t\t\t\t<\/div>\n\t\t\t\t<\/div>\n\t\t\t\t<section class=\"elementor-section elementor-inner-section elementor-element elementor-element-ba8c96e elementor-section-full_width elementor-section-height-default elementor-section-height-default\" data-id=\"ba8c96e\" data-element_type=\"section\">\n\t\t\t\t\t\t<div class=\"elementor-container elementor-column-gap-default\">\n\t\t\t\t\t<div class=\"elementor-column elementor-col-25 elementor-inner-column elementor-element elementor-element-fadf60a\" data-id=\"fadf60a\" data-element_type=\"column\">\n\t\t\t<div class=\"elementor-widget-wrap elementor-element-populated\">\n\t\t\t\t\t\t<div class=\"elementor-element elementor-element-ea096d5 elementor-invisible elementor-widget elementor-widget-creote-process-v1\" data-id=\"ea096d5\" data-element_type=\"widget\" data-settings=\"{&quot;_animation&quot;:&quot;fadeInUp&quot;}\" data-widget_type=\"creote-process-v1.default\">\n\t\t\t\t<div class=\"elementor-widget-container\">\n\t\t\t\t\t \r\n <div class=\"process_box style_four dark_color\" \r\n    >\r\n    \r\n            <div class=\"process_box_outer_four\">\r\n             \r\n                <div class=\"icon\"> \r\n                                        <img decoding=\"async\" src=\"https:\/\/themepanthers.com\/wp\/creote\/v2-new\/wp-content\/uploads\/2023\/02\/service-ico-3.png\" class=\"img-fluid svg_image\" alt=\"image\" \/> \r\n                     \r\n                     \r\n                      <div class=\"no\"> \r\n                            01 \r\n                        <\/div> \r\n                     \r\n                <\/div> \r\n             \r\n            <div class=\"content_box\"> \r\n                 \r\n                  <h2 class=\"proctitle\">\r\n                        <a href=\"\"  target=\"&quot;_blank&quot;\"  rel=\"&quot;nofollow&quot;\"> \r\n                            L&#039;\u00c9coute Active \r\n                        <\/a> \r\n                        <\/h2>\r\n                 \r\n                 \r\n                    <p> \r\n                        Tout commence par avoir une image claire de votre situation, contexte, d\u00e9fis et aspirations. \r\n                    <\/p> \r\n                 \r\n            <\/div> \r\n        <\/div>\r\n\r\n     \r\n<\/div>\r\n\r\n \r\n \t\t\t\t<\/div>\n\t\t\t\t<\/div>\n\t\t\t\t\t<\/div>\n\t\t<\/div>\n\t\t\t\t<div class=\"elementor-column elementor-col-25 elementor-inner-column elementor-element elementor-element-8fdf353\" data-id=\"8fdf353\" data-element_type=\"column\">\n\t\t\t<div class=\"elementor-widget-wrap elementor-element-populated\">\n\t\t\t\t\t\t<div class=\"elementor-element elementor-element-e67aef0 elementor-invisible elementor-widget elementor-widget-creote-process-v1\" data-id=\"e67aef0\" data-element_type=\"widget\" data-settings=\"{&quot;_animation&quot;:&quot;fadeInUp&quot;}\" data-widget_type=\"creote-process-v1.default\">\n\t\t\t\t<div class=\"elementor-widget-container\">\n\t\t\t\t\t \r\n <div class=\"process_box style_four dark_color\" \r\n    >\r\n    \r\n            <div class=\"process_box_outer_four\">\r\n             \r\n                <div class=\"icon\"> \r\n                                        <img decoding=\"async\" src=\"https:\/\/themepanthers.com\/wp\/creote\/v2-new\/wp-content\/uploads\/2023\/02\/process-icon-im-1.png\" class=\"img-fluid svg_image\" alt=\"image\" \/> \r\n                     \r\n                     \r\n                      <div class=\"no\"> \r\n                            02 \r\n                        <\/div> \r\n                     \r\n                <\/div> \r\n             \r\n            <div class=\"content_box\"> \r\n                 \r\n                  <h2 class=\"proctitle\">\r\n                        <a href=\"\"  target=\"&quot;_blank&quot;\"  rel=\"&quot;nofollow&quot;\"> \r\n                            Collaboration \r\n                        <\/a> \r\n                        <\/h2>\r\n                 \r\n                 \r\n                    <p> \r\n                        Nous explorons avec vous pour d\u00e9finir ensemble la meilleure et la plus pr\u00e9cieuse solution  \r\n                    <\/p> \r\n                 \r\n            <\/div> \r\n        <\/div>\r\n\r\n     \r\n<\/div>\r\n\r\n \r\n \t\t\t\t<\/div>\n\t\t\t\t<\/div>\n\t\t\t\t\t<\/div>\n\t\t<\/div>\n\t\t\t\t<div class=\"elementor-column elementor-col-25 elementor-inner-column elementor-element elementor-element-2a10b28\" data-id=\"2a10b28\" data-element_type=\"column\">\n\t\t\t<div class=\"elementor-widget-wrap elementor-element-populated\">\n\t\t\t\t\t\t<div class=\"elementor-element elementor-element-36bbdbf elementor-invisible elementor-widget elementor-widget-creote-process-v1\" data-id=\"36bbdbf\" data-element_type=\"widget\" data-settings=\"{&quot;_animation&quot;:&quot;fadeInUp&quot;}\" data-widget_type=\"creote-process-v1.default\">\n\t\t\t\t<div class=\"elementor-widget-container\">\n\t\t\t\t\t \r\n <div class=\"process_box style_four dark_color\" \r\n    >\r\n    \r\n            <div class=\"process_box_outer_four\">\r\n             \r\n                <div class=\"icon\"> \r\n                                        <img decoding=\"async\" src=\"https:\/\/themepanthers.com\/wp\/creote\/v2-new\/wp-content\/uploads\/2023\/02\/service-ico-2.png\" class=\"img-fluid svg_image\" alt=\"image\" \/> \r\n                     \r\n                     \r\n                      <div class=\"no\"> \r\n                            03 \r\n                        <\/div> \r\n                     \r\n                <\/div> \r\n             \r\n            <div class=\"content_box\"> \r\n                 \r\n                  <h2 class=\"proctitle\">\r\n                        <a href=\"\"  target=\"&quot;_blank&quot;\"  rel=\"&quot;nofollow&quot;\"> \r\n                            Mise en \u0153uvre \r\n                        <\/a> \r\n                        <\/h2>\r\n                 \r\n                 \r\n                    <p> \r\n                        Nous vous guidons et vous soutenons dans la phase de mise en \u0153uvre \r\n                    <\/p> \r\n                 \r\n            <\/div> \r\n        <\/div>\r\n\r\n     \r\n<\/div>\r\n\r\n \r\n \t\t\t\t<\/div>\n\t\t\t\t<\/div>\n\t\t\t\t\t<\/div>\n\t\t<\/div>\n\t\t\t\t<div class=\"elementor-column elementor-col-25 elementor-inner-column elementor-element elementor-element-63b8eaf\" data-id=\"63b8eaf\" data-element_type=\"column\">\n\t\t\t<div class=\"elementor-widget-wrap elementor-element-populated\">\n\t\t\t\t\t\t<div class=\"elementor-element elementor-element-a00a8fe elementor-invisible elementor-widget elementor-widget-creote-process-v1\" data-id=\"a00a8fe\" data-element_type=\"widget\" data-settings=\"{&quot;_animation&quot;:&quot;fadeInUp&quot;}\" data-widget_type=\"creote-process-v1.default\">\n\t\t\t\t<div class=\"elementor-widget-container\">\n\t\t\t\t\t \r\n <div class=\"process_box style_four dark_color\" \r\n    >\r\n    \r\n            <div class=\"process_box_outer_four\">\r\n             \r\n                <div class=\"icon\"> \r\n                                        <img decoding=\"async\" src=\"https:\/\/themepanthers.com\/wp\/creote\/v2-new\/wp-content\/uploads\/2023\/02\/fun-2.png\" class=\"img-fluid svg_image\" alt=\"image\" \/> \r\n                     \r\n                     \r\n                      <div class=\"no\"> \r\n                            04 \r\n                        <\/div> \r\n                     \r\n                <\/div> \r\n             \r\n            <div class=\"content_box\"> \r\n                 \r\n                  <h2 class=\"proctitle\">\r\n                        <a href=\"\"  target=\"&quot;_blank&quot;\"  rel=\"&quot;nofollow&quot;\"> \r\n                            Suivez ip et FB \r\n                        <\/a> \r\n                        <\/h2>\r\n                 \r\n                 \r\n                    <p> \r\n                        Partage d'informations continu pour r\u00e9soudre les probl\u00e8mes rapidement et c\u00e9l\u00e9brer les succ\u00e8s \r\n                    <\/p> \r\n                 \r\n            <\/div> \r\n        <\/div>\r\n\r\n     \r\n<\/div>\r\n\r\n \r\n \t\t\t\t<\/div>\n\t\t\t\t<\/div>\n\t\t\t\t\t<\/div>\n\t\t<\/div>\n\t\t\t\t\t<\/div>\n\t\t<\/section>\n\t\t\t\t\t<\/div>\n\t\t<\/div>\n\t\t\t\t\t<\/div>\n\t\t<\/section>\n\t\t\t\t<\/div>","protected":false},"excerpt":{"rendered":"<p>Our Approch 01 Active Listening All start by having a clear picture on your situation , context, challenges and aspirations 02 Collaboration We explore with you to define together the best and most valuable solution 03 Implementation We guide and support you in the implementation phase 04 Follow ip and FB Continous information sharing to [&hellip;]<\/p>","protected":false},"author":1,"featured_media":0,"parent":0,"menu_order":0,"comment_status":"closed","ping_status":"closed","template":"template-fullwidth.php","meta":{"footnotes":""},"class_list":["post-7046","page","type-page","status-publish","hentry"],"_links":{"self":[{"href":"https:\/\/uelevate.net\/fr\/wp-json\/wp\/v2\/pages\/7046","targetHints":{"allow":["GET"]}}],"collection":[{"href":"https:\/\/uelevate.net\/fr\/wp-json\/wp\/v2\/pages"}],"about":[{"href":"https:\/\/uelevate.net\/fr\/wp-json\/wp\/v2\/types\/page"}],"author":[{"embeddable":true,"href":"https:\/\/uelevate.net\/fr\/wp-json\/wp\/v2\/users\/1"}],"replies":[{"embeddable":true,"href":"https:\/\/uelevate.net\/fr\/wp-json\/wp\/v2\/comments?post=7046"}],"version-history":[{"count":4,"href":"https:\/\/uelevate.net\/fr\/wp-json\/wp\/v2\/pages\/7046\/revisions"}],"predecessor-version":[{"id":7090,"href":"https:\/\/uelevate.net\/fr\/wp-json\/wp\/v2\/pages\/7046\/revisions\/7090"}],"wp:attachment":[{"href":"https:\/\/uelevate.net\/fr\/wp-json\/wp\/v2\/media?parent=7046"}],"curies":[{"name":"wp","href":"https:\/\/api.w.org\/{rel}","templated":true}]}}