{"id":6443,"date":"2021-10-05T13:05:24","date_gmt":"2021-10-05T13:05:24","guid":{"rendered":"https:\/\/themepanthers.com\/wp\/creote\/v-new\/?page_id=10"},"modified":"2024-12-15T12:54:10","modified_gmt":"2024-12-15T12:54:10","slug":"about-us","status":"publish","type":"page","link":"https:\/\/uelevate.net\/fr\/about-us\/","title":{"rendered":"\u00c0 Propos De Nous"},"content":{"rendered":"<div data-elementor-type=\"wp-page\" data-elementor-id=\"6443\" class=\"elementor elementor-6443\">\n\t\t\t\t\t\t<section class=\"elementor-section elementor-top-section elementor-element elementor-element-0d4e2a8 elementor-section-boxed elementor-section-height-default elementor-section-height-default\" data-id=\"0d4e2a8\" data-element_type=\"section\" data-settings=\"{&quot;background_background&quot;:&quot;classic&quot;}\">\n\t\t\t\t\t\t<div class=\"elementor-container elementor-column-gap-default\">\n\t\t\t\t\t<div class=\"elementor-column elementor-col-50 elementor-top-column elementor-element elementor-element-80a4e48\" data-id=\"80a4e48\" data-element_type=\"column\">\n\t\t\t<div class=\"elementor-widget-wrap elementor-element-populated\">\n\t\t\t\t\t\t<div class=\"elementor-element elementor-element-c7fae49 elementor-invisible elementor-widget elementor-widget-creote-image-box-v2\" data-id=\"c7fae49\" data-element_type=\"widget\" data-settings=\"{&quot;_animation&quot;:&quot;fadeInUp&quot;}\" data-widget_type=\"creote-image-box-v2.default\">\n\t\t\t\t<div class=\"elementor-widget-container\">\n\t\t\t\t\t \r\n <div class=\"image_box_new type_one clearfix\">  <div class=\"image_one\"> <img decoding=\"async\" src=\"https:\/\/themepanthers.com\/wp\/creote\/v2-new\/wp-content\/uploads\/2022\/10\/home-about-2-1.jpg\" class=\"img-fluid\" alt=\"image\">  <div class=\"year_experience\"> <h2>+ De 20 Ans D&#039;exp\u00e9rience<\/h2> <\/div>  <\/div>    <div class=\"image_two\"> <img decoding=\"async\" src=\"https:\/\/themepanthers.com\/wp\/creote\/v2-new\/wp-content\/uploads\/2022\/10\/home-1-about-2.jpg\" class=\"img-fluid\" alt=\"image\"> <\/div> <\/div> \r\n\t\t\t\t<\/div>\n\t\t\t\t<\/div>\n\t\t\t\t\t<\/div>\n\t\t<\/div>\n\t\t\t\t<div class=\"elementor-column elementor-col-50 elementor-top-column elementor-element elementor-element-06fd488\" data-id=\"06fd488\" data-element_type=\"column\">\n\t\t\t<div class=\"elementor-widget-wrap elementor-element-populated\">\n\t\t\t\t\t\t<div class=\"elementor-element elementor-element-03d1478 elementor-invisible elementor-widget elementor-widget-creote-heading-v2\" data-id=\"03d1478\" data-element_type=\"widget\" data-settings=\"{&quot;_animation&quot;:&quot;fadeInUp&quot;}\" data-widget_type=\"creote-heading-v2.default\">\n\t\t\t\t<div class=\"elementor-widget-container\">\n\t\t\t\t\t<div class=\"heading type_one text_left\">    <div class=\"heading_text\"> Bienvenue \u00c0 Notre Soci\u00e9t\u00e9<\/div>     <p class=\"description_text\">Bienvenue dans un voyage transformateur vers l'excellence. Nous nous engageons \u00e0 soutenir nos clients dans leurs aspirations au succ\u00e8s et \u00e0 la croissance, en utilisant notre expertise et notre innovation et en les adaptant aux besoins sp\u00e9cifiques de chaque client.\n<br>\nPort\u00e9s par notre passion, nous livrons du c\u0153ur... vos r\u00e9sultats sont les n\u00f4tres et votre succ\u00e8s est notre r\u00e9compense.\n<\/p> <\/div>\r\n\t\t\t\t<\/div>\n\t\t\t\t<\/div>\n\t\t\t\t<section class=\"elementor-section elementor-inner-section elementor-element elementor-element-b90a617 elementor-section-boxed elementor-section-height-default elementor-section-height-default\" data-id=\"b90a617\" data-element_type=\"section\">\n\t\t\t\t\t\t<div class=\"elementor-container elementor-column-gap-no\">\n\t\t\t\t\t<div class=\"elementor-column elementor-col-50 elementor-inner-column elementor-element elementor-element-4de23fe\" data-id=\"4de23fe\" data-element_type=\"column\">\n\t\t\t<div class=\"elementor-widget-wrap elementor-element-populated\">\n\t\t\t\t\t\t<div class=\"elementor-element elementor-element-042d77e elementor-widget__width-initial elementor-invisible elementor-widget elementor-widget-creote-icon-box-v2-new\" data-id=\"042d77e\" data-element_type=\"widget\" data-settings=\"{&quot;_animation&quot;:&quot;fadeInUp&quot;}\" data-widget_type=\"creote-icon-box-v2-new.default\">\n\t\t\t\t<div class=\"elementor-widget-container\">\n\t\t\t\t\t \r\n            <div class=\"icon_box_new_box type_one\">\r\n        <div class=\"icon_bx\">\r\n                                <img decoding=\"async\" src=\"https:\/\/themepanthers.com\/wp\/creote\/v2-new\/wp-content\/uploads\/2022\/10\/solution.png\" class=\"img-fluid svg_image\" alt=\"\" \/>\r\n                            \r\n                        <span class=\"icon_bg\"><\/span>\r\n        <\/div>\r\n        <div class=\"text_box\">\r\n        <h2 class=\"icontitle\">\r\n                <a  target=\"&quot;_blank&quot;\"  rel=\"&quot;nofollow&quot;\" href=\"\">\r\n                    Conseil\n                <\/a>\r\n            <\/h2>\r\n            <p>Des solutions strat\u00e9giques pour la r\u00e9ussite de l&#039;entreprise et de la croissance.\n\n<\/p>\r\n                    <\/div>\r\n    <\/div>\r\n\r\n        \t\t\t\t<\/div>\n\t\t\t\t<\/div>\n\t\t\t\t\t<\/div>\n\t\t<\/div>\n\t\t\t\t<div class=\"elementor-column elementor-col-50 elementor-inner-column elementor-element elementor-element-cb8caf0\" data-id=\"cb8caf0\" data-element_type=\"column\">\n\t\t\t<div class=\"elementor-widget-wrap elementor-element-populated\">\n\t\t\t\t\t\t<div class=\"elementor-element elementor-element-24ce7bd elementor-widget__width-initial elementor-invisible elementor-widget elementor-widget-creote-icon-box-v2-new\" data-id=\"24ce7bd\" data-element_type=\"widget\" data-settings=\"{&quot;_animation&quot;:&quot;fadeInUp&quot;}\" data-widget_type=\"creote-icon-box-v2-new.default\">\n\t\t\t\t<div class=\"elementor-widget-container\">\n\t\t\t\t\t \r\n            <div class=\"icon_box_new_box type_one\">\r\n        <div class=\"icon_bx\">\r\n                                <img decoding=\"async\" src=\"https:\/\/uelevate.net\/wp-content\/uploads\/2022\/10\/idea.png\" class=\"img-fluid svg_image\" alt=\"\" \/>\r\n                            \r\n                        <span class=\"icon_bg\"><\/span>\r\n        <\/div>\r\n        <div class=\"text_box\">\r\n        <h2 class=\"icontitle\">\r\n                <a  target=\"&quot;_blank&quot;\"  rel=\"&quot;nofollow&quot;\" href=\"\">\r\n                     Coaching\n                <\/a>\r\n            <\/h2>\r\n            <p>Coaching to help you achieve personal and professional growth.\n\n<\/p>\r\n                    <\/div>\r\n    <\/div>\r\n\r\n        \t\t\t\t<\/div>\n\t\t\t\t<\/div>\n\t\t\t\t\t<\/div>\n\t\t<\/div>\n\t\t\t\t\t<\/div>\n\t\t<\/section>\n\t\t\t\t<section class=\"elementor-section elementor-inner-section elementor-element elementor-element-3661b5b elementor-section-content-middle elementor-section-boxed elementor-section-height-default elementor-section-height-default elementor-invisible\" data-id=\"3661b5b\" data-element_type=\"section\" data-settings=\"{&quot;animation&quot;:&quot;fadeInUp&quot;}\">\n\t\t\t\t\t\t<div class=\"elementor-container elementor-column-gap-no\">\n\t\t\t\t\t<div class=\"elementor-column elementor-col-50 elementor-inner-column elementor-element elementor-element-06796c2\" data-id=\"06796c2\" data-element_type=\"column\">\n\t\t\t<div class=\"elementor-widget-wrap elementor-element-populated\">\n\t\t\t\t\t\t<div class=\"elementor-element elementor-element-14ac344 elementor-widget elementor-widget-creote-themebtns-v1\" data-id=\"14ac344\" data-element_type=\"widget\" data-widget_type=\"creote-themebtns-v1.default\">\n\t\t\t\t<div class=\"elementor-widget-container\">\n\t\t\t\t\t<div class=\"theme_btn_all color_one\">  <a href=\"https:\/\/uelevate.net\/fr\/about-us\/\"  target=\"&quot;_blank&quot;\"  rel=\"&quot;nofollow&quot;\" class=\"theme-btn one\"> En Savoir Plus <\/a> <\/div>\r\n\t\t\t\t<\/div>\n\t\t\t\t<\/div>\n\t\t\t\t\t<\/div>\n\t\t<\/div>\n\t\t\t\t<div class=\"elementor-column elementor-col-50 elementor-inner-column elementor-element elementor-element-5d1f0a9\" data-id=\"5d1f0a9\" data-element_type=\"column\">\n\t\t\t<div class=\"elementor-widget-wrap elementor-element-populated\">\n\t\t\t\t\t\t<div class=\"elementor-element elementor-element-cd74130 elementor-widget elementor-widget-image\" data-id=\"cd74130\" data-element_type=\"widget\" data-widget_type=\"image.default\">\n\t\t\t\t<div class=\"elementor-widget-container\">\n\t\t\t\t\t\t\t\t\t\t\t\t\t\t\t<img decoding=\"async\" width=\"150\" height=\"50\" src=\"https:\/\/uelevate.net\/wp-content\/uploads\/2022\/10\/sign.png\" class=\"attachment-large size-large wp-image-4318\" alt=\"\" \/>\t\t\t\t\t\t\t\t\t\t\t\t\t\t\t<\/div>\n\t\t\t\t<\/div>\n\t\t\t\t\t<\/div>\n\t\t<\/div>\n\t\t\t\t\t<\/div>\n\t\t<\/section>\n\t\t\t\t\t<\/div>\n\t\t<\/div>\n\t\t\t\t\t<\/div>\n\t\t<\/section>\n\t\t\t\t<section class=\"elementor-section elementor-top-section elementor-element elementor-element-655f513 elementor-section-boxed elementor-section-height-default elementor-section-height-default\" data-id=\"655f513\" data-element_type=\"section\" data-settings=\"{&quot;background_background&quot;:&quot;classic&quot;}\">\n\t\t\t\t\t\t<div class=\"elementor-container elementor-column-gap-default\">\n\t\t\t\t\t<div class=\"elementor-column elementor-col-50 elementor-top-column elementor-element elementor-element-4f74c49\" data-id=\"4f74c49\" data-element_type=\"column\">\n\t\t\t<div class=\"elementor-widget-wrap elementor-element-populated\">\n\t\t\t\t\t\t<div class=\"elementor-element elementor-element-c38f29d elementor-invisible elementor-widget elementor-widget-creote-image-box-v1\" data-id=\"c38f29d\" data-element_type=\"widget\" data-settings=\"{&quot;_animation&quot;:&quot;fadeInUp&quot;}\" data-widget_type=\"creote-image-box-v1.default\">\n\t\t\t\t<div class=\"elementor-widget-container\">\n\t\t\t\t\t<div class=\"image_boxes style_three  border_yes\"  data-aos=\"fade-up\" data-aos-delay=\"0\" >  <img decoding=\"async\" src=\"https:\/\/uelevate.net\/wp-content\/uploads\/2024\/12\/WhatsApp-Image-2024-12-11-at-08.59.30-1.jpeg\" class=\"background_image\" alt=\"image\" \/>  <\/div> \r\n\t\t\t\t<\/div>\n\t\t\t\t<\/div>\n\t\t\t\t\t<\/div>\n\t\t<\/div>\n\t\t\t\t<div class=\"elementor-column elementor-col-50 elementor-top-column elementor-element elementor-element-0aade70\" data-id=\"0aade70\" data-element_type=\"column\">\n\t\t\t<div class=\"elementor-widget-wrap elementor-element-populated\">\n\t\t\t\t\t\t<div class=\"elementor-element elementor-element-a534a0d elementor-invisible elementor-widget elementor-widget-creote-heading-v2\" data-id=\"a534a0d\" data-element_type=\"widget\" data-settings=\"{&quot;_animation&quot;:&quot;fadeInUp&quot;}\" data-widget_type=\"creote-heading-v2.default\">\n\t\t\t\t<div class=\"elementor-widget-container\">\n\t\t\t\t\t<div class=\"heading type_one text_left\">    <div class=\"heading_text\"> Notre Vision et notre mission<\/div>    <\/div>\r\n\t\t\t\t<\/div>\n\t\t\t\t<\/div>\n\t\t\t\t<div class=\"elementor-element elementor-element-de0dcee elementor-widget elementor-widget-text-editor\" data-id=\"de0dcee\" data-element_type=\"widget\" data-widget_type=\"text-editor.default\">\n\t\t\t\t<div class=\"elementor-widget-container\">\n\t\t\t\t\t\t\t\t\t<p>\u201cAvec plus de 20 ans d'exp\u00e9rience dans plusieurs entreprises multinationales renomm\u00e9es, et apr\u00e8s avoir travers\u00e9 certains changements majeurs auxquels une entreprise peut \u00eatre confront\u00e9e tels que , les fusions, les crises et les redressements, il m\u2019est devenu claire \u00e0 l\u2019esprit que les facteurs cl\u00e9s de la r\u00e9ussite sont \u00e0 la fois l'offre op\u00e9rationnelle qui doit \u00eatre excellente et les comp\u00e9tences en mati\u00e8re de leadership, d'une part, les clients attendent un produit ou un service de classe mondiale et, d'autre part, l'entreprise s'appuie sur les personnes pour la conduire \u00e0 la croissance et \u00e0 la durabilit\u00e9 gr\u00e2ce \u00e0 un leadership efficace qui permet \u00e0 toute un chacun de contribuer avec son plein potentiel..\"<\/p><p>Notre mission est de vous fournir les outils, strat\u00e9gies et connaissances pour non seulement performer efficacement, mais aussi inspirer et influencer ceux qui vous entourent.\u201d<\/p>\t\t\t\t\t\t\t\t<\/div>\n\t\t\t\t<\/div>\n\t\t\t\t<div class=\"elementor-element elementor-element-38ef43f elementor-invisible elementor-widget elementor-widget-creote-heading-v2\" data-id=\"38ef43f\" data-element_type=\"widget\" data-settings=\"{&quot;_animation&quot;:&quot;fadeInUp&quot;}\" data-widget_type=\"creote-heading-v2.default\">\n\t\t\t\t<div class=\"elementor-widget-container\">\n\t\t\t\t\t<div class=\"heading type_one text_left\">    <div class=\"heading_text\"> Soumia BENAMRANE<\/div>     <p class=\"description_text\">Fondateur\n<\/p> <\/div>\r\n\t\t\t\t<\/div>\n\t\t\t\t<\/div>\n\t\t\t\t<div class=\"elementor-element elementor-element-7bd3da0 elementor-widget elementor-widget-creote-themebtns-v1\" data-id=\"7bd3da0\" data-element_type=\"widget\" data-widget_type=\"creote-themebtns-v1.default\">\n\t\t\t\t<div class=\"elementor-widget-container\">\n\t\t\t\t\t<div class=\"theme_btn_all color_one\">  <a href=\"https:\/\/www.linkedin.com\/in\/soumia-benamrane-53a81230\/?originalSubdomain=ma\" class=\"theme-btn one\" target=\"_blank\" rel=\"noopener\"> Mon Linkedin <\/a> <\/div>\r\n\t\t\t\t<\/div>\n\t\t\t\t<\/div>\n\t\t\t\t\t<\/div>\n\t\t<\/div>\n\t\t\t\t\t<\/div>\n\t\t<\/section>\n\t\t\t\t<section class=\"elementor-section elementor-top-section elementor-element elementor-element-0f34169 elementor-section-stretched elementor-section-boxed elementor-section-height-default elementor-section-height-default\" data-id=\"0f34169\" data-element_type=\"section\" data-settings=\"{&quot;background_background&quot;:&quot;classic&quot;,&quot;stretch_section&quot;:&quot;section-stretched&quot;}\">\n\t\t\t\t\t\t<div class=\"elementor-container elementor-column-gap-no\">\n\t\t\t\t\t<div class=\"elementor-column elementor-col-100 elementor-top-column elementor-element elementor-element-15a52cc\" data-id=\"15a52cc\" data-element_type=\"column\">\n\t\t\t<div class=\"elementor-widget-wrap elementor-element-populated\">\n\t\t\t\t\t\t<div class=\"elementor-element elementor-element-b627ddf elementor-widget elementor-widget-creote-title-v1\" data-id=\"b627ddf\" data-element_type=\"widget\" data-widget_type=\"creote-title-v1.default\">\n\t\t\t\t<div class=\"elementor-widget-container\">\n\t\t\t\t\t<div class=\"title_all_box style_one dark_color\">\r\n            <!-- Default title style -->\r\n        <div class=\"title_sections <div class=\"title_sections center\">\r\n                            <div class=\"before_title\">\r\n                    Nos Valeurs                <\/div>\r\n                                            <\/div>\r\n        <!-- End of default title style -->\r\n\r\n    <\/div>\r\n\t\t\t\t<\/div>\n\t\t\t\t<\/div>\n\t\t\t\t<section class=\"elementor-section elementor-inner-section elementor-element elementor-element-5d34d4e elementor-section-full_width elementor-section-height-default elementor-section-height-default\" data-id=\"5d34d4e\" data-element_type=\"section\">\n\t\t\t\t\t\t<div class=\"elementor-container elementor-column-gap-default\">\n\t\t\t\t\t<div class=\"elementor-column elementor-col-20 elementor-inner-column elementor-element elementor-element-a394c29\" data-id=\"a394c29\" data-element_type=\"column\">\n\t\t\t<div class=\"elementor-widget-wrap elementor-element-populated\">\n\t\t\t\t\t\t<div class=\"elementor-element elementor-element-ea76542 elementor-widget elementor-widget-creote-service-box-v1\" data-id=\"ea76542\" data-element_type=\"widget\" data-widget_type=\"creote-service-box-v1.default\">\n\t\t\t\t<div class=\"elementor-widget-container\">\n\t\t\t\t\t \r\n   <div class=\"service_box style_three dark_color\"\r\n            data-aos=\"fade-up\" data-aos-delay=\"0\" data-aos-offset=\"0\"\r\n    >\r\n            <div class=\"service_content\">\r\n            <div class=\"content_inner\">\r\n                                    <span class=\"fa fa-graduation-cap\"><i><\/i><\/span>\r\n                                                                  <h2 class=\"serheading\">\r\n                        <a href=\"\"  >\r\n                            Expertise                        <\/a>\r\n                    <\/h2>\r\n                                                    <p>De l'expertise dans tout ce que nous faisons <\/p>\r\n                                            <\/div>\r\n        <\/div>\r\n\r\n    <\/div>\r\n\r\n   \t\t\t\t<\/div>\n\t\t\t\t<\/div>\n\t\t\t\t\t<\/div>\n\t\t<\/div>\n\t\t\t\t<div class=\"elementor-column elementor-col-20 elementor-inner-column elementor-element elementor-element-c791271\" data-id=\"c791271\" data-element_type=\"column\">\n\t\t\t<div class=\"elementor-widget-wrap elementor-element-populated\">\n\t\t\t\t\t\t<div class=\"elementor-element elementor-element-634a549 elementor-widget elementor-widget-creote-service-box-v1\" data-id=\"634a549\" data-element_type=\"widget\" data-widget_type=\"creote-service-box-v1.default\">\n\t\t\t\t<div class=\"elementor-widget-container\">\n\t\t\t\t\t \r\n   <div class=\"service_box style_three dark_color\"\r\n            data-aos=\"fade-up\" data-aos-delay=\"100\" data-aos-offset=\"0\"\r\n    >\r\n            <div class=\"service_content\">\r\n            <div class=\"content_inner\">\r\n                                    <span class=\"fa fa-users\"><i><\/i><\/span>\r\n                                                                  <h2 class=\"serheading\">\r\n                        <a href=\"\"  >\r\n                            Confiance                        <\/a>\r\n                    <\/h2>\r\n                                                    <p>Renforcer la confiance en agissant avec int\u00e9grit\u00e9, de ouverture et en \u00e9tant fiable pour nos clients<\/p>\r\n                                            <\/div>\r\n        <\/div>\r\n\r\n    <\/div>\r\n\r\n   \t\t\t\t<\/div>\n\t\t\t\t<\/div>\n\t\t\t\t\t<\/div>\n\t\t<\/div>\n\t\t\t\t<div class=\"elementor-column elementor-col-20 elementor-inner-column elementor-element elementor-element-8a76725\" data-id=\"8a76725\" data-element_type=\"column\">\n\t\t\t<div class=\"elementor-widget-wrap elementor-element-populated\">\n\t\t\t\t\t\t<div class=\"elementor-element elementor-element-05ce21d elementor-widget elementor-widget-creote-service-box-v1\" data-id=\"05ce21d\" data-element_type=\"widget\" data-widget_type=\"creote-service-box-v1.default\">\n\t\t\t\t<div class=\"elementor-widget-container\">\n\t\t\t\t\t \r\n   <div class=\"service_box style_three dark_color\"\r\n            data-aos=\"fade-up\" data-aos-delay=\"200\" data-aos-offset=\"0\"\r\n    >\r\n            <div class=\"service_content\">\r\n            <div class=\"content_inner\">\r\n                                    <span class=\"fa fa-heart\"><i><\/i><\/span>\r\n                                                                  <h2 class=\"serheading\">\r\n                        <a href=\"\"  >\r\n                            Passion                        <\/a>\r\n                    <\/h2>\r\n                                                    <p>Mener notre travail avec enthousiasme et d\u00e9vouement afin d'inspirer et de favoriser la r\u00e9ussite<\/p>\r\n                                            <\/div>\r\n        <\/div>\r\n\r\n    <\/div>\r\n\r\n   \t\t\t\t<\/div>\n\t\t\t\t<\/div>\n\t\t\t\t\t<\/div>\n\t\t<\/div>\n\t\t\t\t<div class=\"elementor-column elementor-col-20 elementor-inner-column elementor-element elementor-element-8043a61\" data-id=\"8043a61\" data-element_type=\"column\">\n\t\t\t<div class=\"elementor-widget-wrap elementor-element-populated\">\n\t\t\t\t\t\t<div class=\"elementor-element elementor-element-998d383 elementor-widget elementor-widget-creote-service-box-v1\" data-id=\"998d383\" data-element_type=\"widget\" data-widget_type=\"creote-service-box-v1.default\">\n\t\t\t\t<div class=\"elementor-widget-container\">\n\t\t\t\t\t \r\n   <div class=\"service_box style_three dark_color\"\r\n            data-aos=\"fade-up\" data-aos-delay=\"300\" data-aos-offset=\"0\"\r\n    >\r\n            <div class=\"service_content\">\r\n            <div class=\"content_inner\">\r\n                                    <span class=\"icon-development\"><i><\/i><\/span>\r\n                                                                  <h2 class=\"serheading\">\r\n                        <a href=\"\"  >\r\n                            Empathie                        <\/a>\r\n                    <\/h2>\r\n                                                    <p>Comprendre et se connecter aux autres \u00e0 un niveau plus profond pour favoriser la collaboration <\/p>\r\n                                            <\/div>\r\n        <\/div>\r\n\r\n    <\/div>\r\n\r\n   \t\t\t\t<\/div>\n\t\t\t\t<\/div>\n\t\t\t\t\t<\/div>\n\t\t<\/div>\n\t\t\t\t<div class=\"elementor-column elementor-col-20 elementor-inner-column elementor-element elementor-element-9ddcc30\" data-id=\"9ddcc30\" data-element_type=\"column\">\n\t\t\t<div class=\"elementor-widget-wrap elementor-element-populated\">\n\t\t\t\t\t\t<div class=\"elementor-element elementor-element-25d6024 elementor-widget elementor-widget-creote-service-box-v1\" data-id=\"25d6024\" data-element_type=\"widget\" data-widget_type=\"creote-service-box-v1.default\">\n\t\t\t\t<div class=\"elementor-widget-container\">\n\t\t\t\t\t \r\n   <div class=\"service_box style_three dark_color\"\r\n            data-aos=\"fade-up\" data-aos-delay=\"300\" data-aos-offset=\"0\"\r\n    >\r\n            <div class=\"service_content\">\r\n            <div class=\"content_inner\">\r\n                                    <span class=\"icon-note\"><i><\/i><\/span>\r\n                                                                  <h2 class=\"serheading\">\r\n                        <a href=\"\"  >\r\n                            Descipline                        <\/a>\r\n                    <\/h2>\r\n                                                    <p>Atteindre le succ\u00e8s gr\u00e2ce \u00e0 un effort cibl\u00e9, des actions coh\u00e9rantes et de l'engagement<\/p>\r\n                                            <\/div>\r\n        <\/div>\r\n\r\n    <\/div>\r\n\r\n   \t\t\t\t<\/div>\n\t\t\t\t<\/div>\n\t\t\t\t\t<\/div>\n\t\t<\/div>\n\t\t\t\t\t<\/div>\n\t\t<\/section>\n\t\t\t\t\t<\/div>\n\t\t<\/div>\n\t\t\t\t\t<\/div>\n\t\t<\/section>\n\t\t\t\t<\/div>","protected":false},"excerpt":{"rendered":"<p>20+ Years Of experience Welcome To Our Company Welcome to a transformative journey for excellence. We are committed to support our clients in their aspirations to success and growth, we use our expertise and innovation to tailor customized solutions for our clients. Driven by our passion, we deliver from heart&#8230;your results are ours and your [&hellip;]<\/p>","protected":false},"author":1,"featured_media":0,"parent":0,"menu_order":0,"comment_status":"closed","ping_status":"closed","template":"template-fullwidth.php","meta":{"footnotes":""},"class_list":["post-6443","page","type-page","status-publish","hentry"],"_links":{"self":[{"href":"https:\/\/uelevate.net\/fr\/wp-json\/wp\/v2\/pages\/6443","targetHints":{"allow":["GET"]}}],"collection":[{"href":"https:\/\/uelevate.net\/fr\/wp-json\/wp\/v2\/pages"}],"about":[{"href":"https:\/\/uelevate.net\/fr\/wp-json\/wp\/v2\/types\/page"}],"author":[{"embeddable":true,"href":"https:\/\/uelevate.net\/fr\/wp-json\/wp\/v2\/users\/1"}],"replies":[{"embeddable":true,"href":"https:\/\/uelevate.net\/fr\/wp-json\/wp\/v2\/comments?post=6443"}],"version-history":[{"count":20,"href":"https:\/\/uelevate.net\/fr\/wp-json\/wp\/v2\/pages\/6443\/revisions"}],"predecessor-version":[{"id":8525,"href":"https:\/\/uelevate.net\/fr\/wp-json\/wp\/v2\/pages\/6443\/revisions\/8525"}],"wp:attachment":[{"href":"https:\/\/uelevate.net\/fr\/wp-json\/wp\/v2\/media?parent=6443"}],"curies":[{"name":"wp","href":"https:\/\/api.w.org\/{rel}","templated":true}]}}