{"id":6443,"date":"2021-10-05T13:05:24","date_gmt":"2021-10-05T13:05:24","guid":{"rendered":"https:\/\/themepanthers.com\/wp\/creote\/v-new\/?page_id=10"},"modified":"2024-12-15T12:54:10","modified_gmt":"2024-12-15T12:54:10","slug":"about-us","status":"publish","type":"page","link":"https:\/\/uelevate.net\/es\/about-us\/","title":{"rendered":"Sobre Nosotros"},"content":{"rendered":"<div data-elementor-type=\"wp-page\" data-elementor-id=\"6443\" class=\"elementor elementor-6443\">\n\t\t\t\t\t\t<section class=\"elementor-section elementor-top-section elementor-element elementor-element-0d4e2a8 elementor-section-boxed elementor-section-height-default elementor-section-height-default\" data-id=\"0d4e2a8\" data-element_type=\"section\" data-settings=\"{&quot;background_background&quot;:&quot;classic&quot;}\">\n\t\t\t\t\t\t<div class=\"elementor-container elementor-column-gap-default\">\n\t\t\t\t\t<div class=\"elementor-column elementor-col-50 elementor-top-column elementor-element elementor-element-80a4e48\" data-id=\"80a4e48\" data-element_type=\"column\">\n\t\t\t<div class=\"elementor-widget-wrap elementor-element-populated\">\n\t\t\t\t\t\t<div class=\"elementor-element elementor-element-c7fae49 elementor-invisible elementor-widget elementor-widget-creote-image-box-v2\" data-id=\"c7fae49\" data-element_type=\"widget\" data-settings=\"{&quot;_animation&quot;:&quot;fadeInUp&quot;}\" data-widget_type=\"creote-image-box-v2.default\">\n\t\t\t\t<div class=\"elementor-widget-container\">\n\t\t\t\t\t \r\n <div class=\"image_box_new type_one clearfix\">  <div class=\"image_one\"> <img decoding=\"async\" src=\"https:\/\/themepanthers.com\/wp\/creote\/v2-new\/wp-content\/uploads\/2022\/10\/home-about-2-1.jpg\" class=\"img-fluid\" alt=\"image\">  <div class=\"year_experience\"> <h2>M\u00e1s de 20 a\u00f1os de experiencia<\/h2> <\/div>  <\/div>    <div class=\"image_two\"> <img decoding=\"async\" src=\"https:\/\/themepanthers.com\/wp\/creote\/v2-new\/wp-content\/uploads\/2022\/10\/home-1-about-2.jpg\" class=\"img-fluid\" alt=\"image\"> <\/div> <\/div> \r\n\t\t\t\t<\/div>\n\t\t\t\t<\/div>\n\t\t\t\t\t<\/div>\n\t\t<\/div>\n\t\t\t\t<div class=\"elementor-column elementor-col-50 elementor-top-column elementor-element elementor-element-06fd488\" data-id=\"06fd488\" data-element_type=\"column\">\n\t\t\t<div class=\"elementor-widget-wrap elementor-element-populated\">\n\t\t\t\t\t\t<div class=\"elementor-element elementor-element-03d1478 elementor-invisible elementor-widget elementor-widget-creote-heading-v2\" data-id=\"03d1478\" data-element_type=\"widget\" data-settings=\"{&quot;_animation&quot;:&quot;fadeInUp&quot;}\" data-widget_type=\"creote-heading-v2.default\">\n\t\t\t\t<div class=\"elementor-widget-container\">\n\t\t\t\t\t<div class=\"heading type_one text_left\">    <div class=\"heading_text\"> Bienvenidos a nuestra empresa<\/div>     <p class=\"description_text\">Bienvenidos a un viaje transformador hacia la excelencia. Estamos comprometidos a apoyar a nuestros clientes en sus aspiraciones de \u00e9xito y crecimiento, utilizamos nuestra experiencia e innovaci\u00f3n para crear soluciones personalizadas para nuestros clientes.\n<br>\nImpulsados por nuestra pasi\u00f3n, entregamos desde el coraz\u00f3n... tus resultados son los nuestros y tu \u00e9xito es nuestro premio.\n<\/p> <\/div>\r\n\t\t\t\t<\/div>\n\t\t\t\t<\/div>\n\t\t\t\t<section class=\"elementor-section elementor-inner-section elementor-element elementor-element-b90a617 elementor-section-boxed elementor-section-height-default elementor-section-height-default\" data-id=\"b90a617\" data-element_type=\"section\">\n\t\t\t\t\t\t<div class=\"elementor-container elementor-column-gap-no\">\n\t\t\t\t\t<div class=\"elementor-column elementor-col-50 elementor-inner-column elementor-element elementor-element-4de23fe\" data-id=\"4de23fe\" data-element_type=\"column\">\n\t\t\t<div class=\"elementor-widget-wrap elementor-element-populated\">\n\t\t\t\t\t\t<div class=\"elementor-element elementor-element-042d77e elementor-widget__width-initial elementor-invisible elementor-widget elementor-widget-creote-icon-box-v2-new\" data-id=\"042d77e\" data-element_type=\"widget\" data-settings=\"{&quot;_animation&quot;:&quot;fadeInUp&quot;}\" data-widget_type=\"creote-icon-box-v2-new.default\">\n\t\t\t\t<div class=\"elementor-widget-container\">\n\t\t\t\t\t \r\n            <div class=\"icon_box_new_box type_one\">\r\n        <div class=\"icon_bx\">\r\n                                <img decoding=\"async\" src=\"https:\/\/themepanthers.com\/wp\/creote\/v2-new\/wp-content\/uploads\/2022\/10\/solution.png\" class=\"img-fluid svg_image\" alt=\"\" \/>\r\n                            \r\n                        <span class=\"icon_bg\"><\/span>\r\n        <\/div>\r\n        <div class=\"text_box\">\r\n        <h2 class=\"icontitle\">\r\n                <a  target=\"&quot;_blank&quot;\"  rel=\"&quot;nofollow&quot;\" href=\"\">\r\n                    Consultor\u00eda\n                <\/a>\r\n            <\/h2>\r\n            <p>Soluciones estrat\u00e9gicas para impulsar el \u00e9xito y el crecimiento empresarial.\n\n<\/p>\r\n                    <\/div>\r\n    <\/div>\r\n\r\n        \t\t\t\t<\/div>\n\t\t\t\t<\/div>\n\t\t\t\t\t<\/div>\n\t\t<\/div>\n\t\t\t\t<div class=\"elementor-column elementor-col-50 elementor-inner-column elementor-element elementor-element-cb8caf0\" data-id=\"cb8caf0\" data-element_type=\"column\">\n\t\t\t<div class=\"elementor-widget-wrap elementor-element-populated\">\n\t\t\t\t\t\t<div class=\"elementor-element elementor-element-24ce7bd elementor-widget__width-initial elementor-invisible elementor-widget elementor-widget-creote-icon-box-v2-new\" data-id=\"24ce7bd\" data-element_type=\"widget\" data-settings=\"{&quot;_animation&quot;:&quot;fadeInUp&quot;}\" data-widget_type=\"creote-icon-box-v2-new.default\">\n\t\t\t\t<div class=\"elementor-widget-container\">\n\t\t\t\t\t \r\n            <div class=\"icon_box_new_box type_one\">\r\n        <div class=\"icon_bx\">\r\n                                <img decoding=\"async\" src=\"https:\/\/uelevate.net\/wp-content\/uploads\/2022\/10\/idea.png\" class=\"img-fluid svg_image\" alt=\"\" \/>\r\n                            \r\n                        <span class=\"icon_bg\"><\/span>\r\n        <\/div>\r\n        <div class=\"text_box\">\r\n        <h2 class=\"icontitle\">\r\n                <a  target=\"&quot;_blank&quot;\"  rel=\"&quot;nofollow&quot;\" href=\"\">\r\n                     Entrenamiento\n                <\/a>\r\n            <\/h2>\r\n            <p>Coaching to help you achieve personal and professional growth.\n\n<\/p>\r\n                    <\/div>\r\n    <\/div>\r\n\r\n        \t\t\t\t<\/div>\n\t\t\t\t<\/div>\n\t\t\t\t\t<\/div>\n\t\t<\/div>\n\t\t\t\t\t<\/div>\n\t\t<\/section>\n\t\t\t\t<section class=\"elementor-section elementor-inner-section elementor-element elementor-element-3661b5b elementor-section-content-middle elementor-section-boxed elementor-section-height-default elementor-section-height-default elementor-invisible\" data-id=\"3661b5b\" data-element_type=\"section\" data-settings=\"{&quot;animation&quot;:&quot;fadeInUp&quot;}\">\n\t\t\t\t\t\t<div class=\"elementor-container elementor-column-gap-no\">\n\t\t\t\t\t<div class=\"elementor-column elementor-col-50 elementor-inner-column elementor-element elementor-element-06796c2\" data-id=\"06796c2\" data-element_type=\"column\">\n\t\t\t<div class=\"elementor-widget-wrap elementor-element-populated\">\n\t\t\t\t\t\t<div class=\"elementor-element elementor-element-14ac344 elementor-widget elementor-widget-creote-themebtns-v1\" data-id=\"14ac344\" data-element_type=\"widget\" data-widget_type=\"creote-themebtns-v1.default\">\n\t\t\t\t<div class=\"elementor-widget-container\">\n\t\t\t\t\t<div class=\"theme_btn_all color_one\">  <a href=\"https:\/\/uelevate.net\/es\/about-us\/\"  target=\"&quot;_blank&quot;\"  rel=\"&quot;nofollow&quot;\" class=\"theme-btn one\"> Aprende m\u00e1s <\/a> <\/div>\r\n\t\t\t\t<\/div>\n\t\t\t\t<\/div>\n\t\t\t\t\t<\/div>\n\t\t<\/div>\n\t\t\t\t<div class=\"elementor-column elementor-col-50 elementor-inner-column elementor-element elementor-element-5d1f0a9\" data-id=\"5d1f0a9\" data-element_type=\"column\">\n\t\t\t<div class=\"elementor-widget-wrap elementor-element-populated\">\n\t\t\t\t\t\t<div class=\"elementor-element elementor-element-cd74130 elementor-widget elementor-widget-image\" data-id=\"cd74130\" data-element_type=\"widget\" data-widget_type=\"image.default\">\n\t\t\t\t<div class=\"elementor-widget-container\">\n\t\t\t\t\t\t\t\t\t\t\t\t\t\t\t<img decoding=\"async\" width=\"150\" height=\"50\" src=\"https:\/\/uelevate.net\/wp-content\/uploads\/2022\/10\/sign.png\" class=\"attachment-large size-large wp-image-4318\" alt=\"\" \/>\t\t\t\t\t\t\t\t\t\t\t\t\t\t\t<\/div>\n\t\t\t\t<\/div>\n\t\t\t\t\t<\/div>\n\t\t<\/div>\n\t\t\t\t\t<\/div>\n\t\t<\/section>\n\t\t\t\t\t<\/div>\n\t\t<\/div>\n\t\t\t\t\t<\/div>\n\t\t<\/section>\n\t\t\t\t<section class=\"elementor-section elementor-top-section elementor-element elementor-element-655f513 elementor-section-boxed elementor-section-height-default elementor-section-height-default\" data-id=\"655f513\" data-element_type=\"section\" data-settings=\"{&quot;background_background&quot;:&quot;classic&quot;}\">\n\t\t\t\t\t\t<div class=\"elementor-container elementor-column-gap-default\">\n\t\t\t\t\t<div class=\"elementor-column elementor-col-50 elementor-top-column elementor-element elementor-element-4f74c49\" data-id=\"4f74c49\" data-element_type=\"column\">\n\t\t\t<div class=\"elementor-widget-wrap elementor-element-populated\">\n\t\t\t\t\t\t<div class=\"elementor-element elementor-element-c38f29d elementor-invisible elementor-widget elementor-widget-creote-image-box-v1\" data-id=\"c38f29d\" data-element_type=\"widget\" data-settings=\"{&quot;_animation&quot;:&quot;fadeInUp&quot;}\" data-widget_type=\"creote-image-box-v1.default\">\n\t\t\t\t<div class=\"elementor-widget-container\">\n\t\t\t\t\t<div class=\"image_boxes style_three  border_yes\"  data-aos=\"fade-up\" data-aos-delay=\"0\" >  <img decoding=\"async\" src=\"https:\/\/uelevate.net\/wp-content\/uploads\/2024\/12\/WhatsApp-Image-2024-12-11-at-08.59.30-1.jpeg\" class=\"background_image\" alt=\"image\" \/>  <\/div> \r\n\t\t\t\t<\/div>\n\t\t\t\t<\/div>\n\t\t\t\t\t<\/div>\n\t\t<\/div>\n\t\t\t\t<div class=\"elementor-column elementor-col-50 elementor-top-column elementor-element elementor-element-0aade70\" data-id=\"0aade70\" data-element_type=\"column\">\n\t\t\t<div class=\"elementor-widget-wrap elementor-element-populated\">\n\t\t\t\t\t\t<div class=\"elementor-element elementor-element-a534a0d elementor-invisible elementor-widget elementor-widget-creote-heading-v2\" data-id=\"a534a0d\" data-element_type=\"widget\" data-settings=\"{&quot;_animation&quot;:&quot;fadeInUp&quot;}\" data-widget_type=\"creote-heading-v2.default\">\n\t\t\t\t<div class=\"elementor-widget-container\">\n\t\t\t\t\t<div class=\"heading type_one text_left\">    <div class=\"heading_text\"> Nuestra visi\u00f3n y misi\u00f3n<\/div>    <\/div>\r\n\t\t\t\t<\/div>\n\t\t\t\t<\/div>\n\t\t\t\t<div class=\"elementor-element elementor-element-de0dcee elementor-widget elementor-widget-text-editor\" data-id=\"de0dcee\" data-element_type=\"widget\" data-widget_type=\"text-editor.default\">\n\t\t\t\t<div class=\"elementor-widget-container\">\n\t\t\t\t\t\t\t\t\t<p>\"Con m\u00e1s de 20 a\u00f1os de experiencia en varias empresas multinacionales de renombre, y al atravesar algunos de los cambios m\u00e1s importantes que una empresa puede enfrentar durante su recorrido, como fusiones, crisis y reestructuraciones, nos ha quedado claro que los factores clave para el \u00e9xito son tanto la oferta operativa como las habilidades de liderazgo. Por un lado, los clientes esperan productos o servicios de clase mundial, y por otro, el negocio depende de las personas para alcanzar el \u00e9xito y la sostenibilidad a trav\u00e9s de un liderazgo efectivo.<\/p><p>Nuestra misi\u00f3n es proporcionarte las herramientas, estrategias y conocimientos no solo para rendir de manera efectiva, sino para inspirar e influir en quienes te rodean.\"<\/p>\t\t\t\t\t\t\t\t<\/div>\n\t\t\t\t<\/div>\n\t\t\t\t<div class=\"elementor-element elementor-element-38ef43f elementor-invisible elementor-widget elementor-widget-creote-heading-v2\" data-id=\"38ef43f\" data-element_type=\"widget\" data-settings=\"{&quot;_animation&quot;:&quot;fadeInUp&quot;}\" data-widget_type=\"creote-heading-v2.default\">\n\t\t\t\t<div class=\"elementor-widget-container\">\n\t\t\t\t\t<div class=\"heading type_one text_left\">    <div class=\"heading_text\"> Soumia BENAMRANE<\/div>     <p class=\"description_text\">Fundador\n<\/p> <\/div>\r\n\t\t\t\t<\/div>\n\t\t\t\t<\/div>\n\t\t\t\t<div class=\"elementor-element elementor-element-7bd3da0 elementor-widget elementor-widget-creote-themebtns-v1\" data-id=\"7bd3da0\" data-element_type=\"widget\" data-widget_type=\"creote-themebtns-v1.default\">\n\t\t\t\t<div class=\"elementor-widget-container\">\n\t\t\t\t\t<div class=\"theme_btn_all color_one\">  <a href=\"https:\/\/www.linkedin.com\/in\/soumia-benamrane-53a81230\/?originalSubdomain=ma\" class=\"theme-btn one\" target=\"_blank\" rel=\"noopener\"> Mi LinkedIn <\/a> <\/div>\r\n\t\t\t\t<\/div>\n\t\t\t\t<\/div>\n\t\t\t\t\t<\/div>\n\t\t<\/div>\n\t\t\t\t\t<\/div>\n\t\t<\/section>\n\t\t\t\t<section class=\"elementor-section elementor-top-section elementor-element elementor-element-0f34169 elementor-section-stretched elementor-section-boxed elementor-section-height-default elementor-section-height-default\" data-id=\"0f34169\" data-element_type=\"section\" data-settings=\"{&quot;background_background&quot;:&quot;classic&quot;,&quot;stretch_section&quot;:&quot;section-stretched&quot;}\">\n\t\t\t\t\t\t<div class=\"elementor-container elementor-column-gap-no\">\n\t\t\t\t\t<div class=\"elementor-column elementor-col-100 elementor-top-column elementor-element elementor-element-15a52cc\" data-id=\"15a52cc\" data-element_type=\"column\">\n\t\t\t<div class=\"elementor-widget-wrap elementor-element-populated\">\n\t\t\t\t\t\t<div class=\"elementor-element elementor-element-b627ddf elementor-widget elementor-widget-creote-title-v1\" data-id=\"b627ddf\" data-element_type=\"widget\" data-widget_type=\"creote-title-v1.default\">\n\t\t\t\t<div class=\"elementor-widget-container\">\n\t\t\t\t\t<div class=\"title_all_box style_one dark_color\">\r\n            <!-- Default title style -->\r\n        <div class=\"title_sections <div class=\"title_sections center\">\r\n                            <div class=\"before_title\">\r\n                    Nuestros valores                <\/div>\r\n                                            <\/div>\r\n        <!-- End of default title style -->\r\n\r\n    <\/div>\r\n\t\t\t\t<\/div>\n\t\t\t\t<\/div>\n\t\t\t\t<section class=\"elementor-section elementor-inner-section elementor-element elementor-element-5d34d4e elementor-section-full_width elementor-section-height-default elementor-section-height-default\" data-id=\"5d34d4e\" data-element_type=\"section\">\n\t\t\t\t\t\t<div class=\"elementor-container elementor-column-gap-default\">\n\t\t\t\t\t<div class=\"elementor-column elementor-col-20 elementor-inner-column elementor-element elementor-element-a394c29\" data-id=\"a394c29\" data-element_type=\"column\">\n\t\t\t<div class=\"elementor-widget-wrap elementor-element-populated\">\n\t\t\t\t\t\t<div class=\"elementor-element elementor-element-ea76542 elementor-widget elementor-widget-creote-service-box-v1\" data-id=\"ea76542\" data-element_type=\"widget\" data-widget_type=\"creote-service-box-v1.default\">\n\t\t\t\t<div class=\"elementor-widget-container\">\n\t\t\t\t\t \r\n   <div class=\"service_box style_three dark_color\"\r\n            data-aos=\"fade-up\" data-aos-delay=\"0\" data-aos-offset=\"0\"\r\n    >\r\n            <div class=\"service_content\">\r\n            <div class=\"content_inner\">\r\n                                    <span class=\"fa fa-graduation-cap\"><i><\/i><\/span>\r\n                                                                  <h2 class=\"serheading\">\r\n                        <a href=\"\"  >\r\n                            Maestr\u00eda                        <\/a>\r\n                    <\/h2>\r\n                                                    <p>Nos esforzamos por lograr una calidad y un rendimiento superiores en todo lo que hacemos <\/p>\r\n                                            <\/div>\r\n        <\/div>\r\n\r\n    <\/div>\r\n\r\n   \t\t\t\t<\/div>\n\t\t\t\t<\/div>\n\t\t\t\t\t<\/div>\n\t\t<\/div>\n\t\t\t\t<div class=\"elementor-column elementor-col-20 elementor-inner-column elementor-element elementor-element-c791271\" data-id=\"c791271\" data-element_type=\"column\">\n\t\t\t<div class=\"elementor-widget-wrap elementor-element-populated\">\n\t\t\t\t\t\t<div class=\"elementor-element elementor-element-634a549 elementor-widget elementor-widget-creote-service-box-v1\" data-id=\"634a549\" data-element_type=\"widget\" data-widget_type=\"creote-service-box-v1.default\">\n\t\t\t\t<div class=\"elementor-widget-container\">\n\t\t\t\t\t \r\n   <div class=\"service_box style_three dark_color\"\r\n            data-aos=\"fade-up\" data-aos-delay=\"100\" data-aos-offset=\"0\"\r\n    >\r\n            <div class=\"service_content\">\r\n            <div class=\"content_inner\">\r\n                                    <span class=\"fa fa-users\"><i><\/i><\/span>\r\n                                                                  <h2 class=\"serheading\">\r\n                        <a href=\"\"  >\r\n                            Confianza                        <\/a>\r\n                    <\/h2>\r\n                                                    <p>Fortaleciendo conexiones con integridad, apertura y fiabilidad<\/p>\r\n                                            <\/div>\r\n        <\/div>\r\n\r\n    <\/div>\r\n\r\n   \t\t\t\t<\/div>\n\t\t\t\t<\/div>\n\t\t\t\t\t<\/div>\n\t\t<\/div>\n\t\t\t\t<div class=\"elementor-column elementor-col-20 elementor-inner-column elementor-element elementor-element-8a76725\" data-id=\"8a76725\" data-element_type=\"column\">\n\t\t\t<div class=\"elementor-widget-wrap elementor-element-populated\">\n\t\t\t\t\t\t<div class=\"elementor-element elementor-element-05ce21d elementor-widget elementor-widget-creote-service-box-v1\" data-id=\"05ce21d\" data-element_type=\"widget\" data-widget_type=\"creote-service-box-v1.default\">\n\t\t\t\t<div class=\"elementor-widget-container\">\n\t\t\t\t\t \r\n   <div class=\"service_box style_three dark_color\"\r\n            data-aos=\"fade-up\" data-aos-delay=\"200\" data-aos-offset=\"0\"\r\n    >\r\n            <div class=\"service_content\">\r\n            <div class=\"content_inner\">\r\n                                    <span class=\"fa fa-heart\"><i><\/i><\/span>\r\n                                                                  <h2 class=\"serheading\">\r\n                        <a href=\"\"  >\r\n                            Pasi\u00f3n                        <\/a>\r\n                    <\/h2>\r\n                                                    <p>Impulsamos nuestro trabajo con entusiasmo y dedicaci\u00f3n para inspirar e impulsar el \u00e9xito<\/p>\r\n                                            <\/div>\r\n        <\/div>\r\n\r\n    <\/div>\r\n\r\n   \t\t\t\t<\/div>\n\t\t\t\t<\/div>\n\t\t\t\t\t<\/div>\n\t\t<\/div>\n\t\t\t\t<div class=\"elementor-column elementor-col-20 elementor-inner-column elementor-element elementor-element-8043a61\" data-id=\"8043a61\" data-element_type=\"column\">\n\t\t\t<div class=\"elementor-widget-wrap elementor-element-populated\">\n\t\t\t\t\t\t<div class=\"elementor-element elementor-element-998d383 elementor-widget elementor-widget-creote-service-box-v1\" data-id=\"998d383\" data-element_type=\"widget\" data-widget_type=\"creote-service-box-v1.default\">\n\t\t\t\t<div class=\"elementor-widget-container\">\n\t\t\t\t\t \r\n   <div class=\"service_box style_three dark_color\"\r\n            data-aos=\"fade-up\" data-aos-delay=\"300\" data-aos-offset=\"0\"\r\n    >\r\n            <div class=\"service_content\">\r\n            <div class=\"content_inner\">\r\n                                    <span class=\"icon-development\"><i><\/i><\/span>\r\n                                                                  <h2 class=\"serheading\">\r\n                        <a href=\"\"  >\r\n                            Empat\u00eda                        <\/a>\r\n                    <\/h2>\r\n                                                    <p>Comprender y conectar con los dem\u00e1s a un nivel m\u00e1s profundo para fomentar la colaboraci\u00f3n <\/p>\r\n                                            <\/div>\r\n        <\/div>\r\n\r\n    <\/div>\r\n\r\n   \t\t\t\t<\/div>\n\t\t\t\t<\/div>\n\t\t\t\t\t<\/div>\n\t\t<\/div>\n\t\t\t\t<div class=\"elementor-column elementor-col-20 elementor-inner-column elementor-element elementor-element-9ddcc30\" data-id=\"9ddcc30\" data-element_type=\"column\">\n\t\t\t<div class=\"elementor-widget-wrap elementor-element-populated\">\n\t\t\t\t\t\t<div class=\"elementor-element elementor-element-25d6024 elementor-widget elementor-widget-creote-service-box-v1\" data-id=\"25d6024\" data-element_type=\"widget\" data-widget_type=\"creote-service-box-v1.default\">\n\t\t\t\t<div class=\"elementor-widget-container\">\n\t\t\t\t\t \r\n   <div class=\"service_box style_three dark_color\"\r\n            data-aos=\"fade-up\" data-aos-delay=\"300\" data-aos-offset=\"0\"\r\n    >\r\n            <div class=\"service_content\">\r\n            <div class=\"content_inner\">\r\n                                    <span class=\"icon-note\"><i><\/i><\/span>\r\n                                                                  <h2 class=\"serheading\">\r\n                        <a href=\"\"  >\r\n                            Disciplina                        <\/a>\r\n                    <\/h2>\r\n                                                    <p>Lograr el \u00e9xito a trav\u00e9s de un esfuerzo enfocado, acci\u00f3n constante y compromiso<\/p>\r\n                                            <\/div>\r\n        <\/div>\r\n\r\n    <\/div>\r\n\r\n   \t\t\t\t<\/div>\n\t\t\t\t<\/div>\n\t\t\t\t\t<\/div>\n\t\t<\/div>\n\t\t\t\t\t<\/div>\n\t\t<\/section>\n\t\t\t\t\t<\/div>\n\t\t<\/div>\n\t\t\t\t\t<\/div>\n\t\t<\/section>\n\t\t\t\t<\/div>","protected":false},"excerpt":{"rendered":"<p>20+ Years Of experience Welcome To Our Company Welcome to a transformative journey for excellence. We are committed to support our clients in their aspirations to success and growth, we use our expertise and innovation to tailor customized solutions for our clients. Driven by our passion, we deliver from heart&#8230;your results are ours and your [&hellip;]<\/p>","protected":false},"author":1,"featured_media":0,"parent":0,"menu_order":0,"comment_status":"closed","ping_status":"closed","template":"template-fullwidth.php","meta":{"footnotes":""},"class_list":["post-6443","page","type-page","status-publish","hentry"],"_links":{"self":[{"href":"https:\/\/uelevate.net\/es\/wp-json\/wp\/v2\/pages\/6443","targetHints":{"allow":["GET"]}}],"collection":[{"href":"https:\/\/uelevate.net\/es\/wp-json\/wp\/v2\/pages"}],"about":[{"href":"https:\/\/uelevate.net\/es\/wp-json\/wp\/v2\/types\/page"}],"author":[{"embeddable":true,"href":"https:\/\/uelevate.net\/es\/wp-json\/wp\/v2\/users\/1"}],"replies":[{"embeddable":true,"href":"https:\/\/uelevate.net\/es\/wp-json\/wp\/v2\/comments?post=6443"}],"version-history":[{"count":20,"href":"https:\/\/uelevate.net\/es\/wp-json\/wp\/v2\/pages\/6443\/revisions"}],"predecessor-version":[{"id":8525,"href":"https:\/\/uelevate.net\/es\/wp-json\/wp\/v2\/pages\/6443\/revisions\/8525"}],"wp:attachment":[{"href":"https:\/\/uelevate.net\/es\/wp-json\/wp\/v2\/media?parent=6443"}],"curies":[{"name":"wp","href":"https:\/\/api.w.org\/{rel}","templated":true}]}}